{"id":31028,"date":"2024-01-18T15:18:44","date_gmt":"2024-01-18T15:18:44","guid":{"rendered":"https:\/\/www.ilscipio.com\/?page_id=31028"},"modified":"2024-05-13T13:41:27","modified_gmt":"2024-05-13T13:41:27","slug":"intellij-idea-magnolia-cms-integration-plugin","status":"publish","type":"page","link":"https:\/\/www.ilscipio.com\/en\/content-management-with-magnolia-cms\/intellij-idea-magnolia-cms-integration-plugin\/","title":{"rendered":"IntelliJ IDEA &#8211; Magnolia CMS Integration Plugin"},"content":{"rendered":"<p>[et_pb_section fb_built=&#8221;1&#8243; _builder_version=&#8221;4.23.4&#8243; _module_preset=&#8221;default&#8221; global_colors_info=&#8221;{}&#8221;][et_pb_row _builder_version=&#8221;4.23.4&#8243; _module_preset=&#8221;default&#8221; global_colors_info=&#8221;{}&#8221;][et_pb_column type=&#8221;4_4&#8243; _builder_version=&#8221;4.23.4&#8243; _module_preset=&#8221;default&#8221; global_colors_info=&#8221;{}&#8221;][et_pb_heading title=&#8221;IntelliJ IDEA \u2013 Magnolia CMS Integration Plugin&#8221; admin_label=&#8221;\u00dcberschrift H1&#8243; _builder_version=&#8221;4.23.4&#8243; _module_preset=&#8221;default&#8221; global_colors_info=&#8221;{}&#8221;][\/et_pb_heading][et_pb_image src=&#8221;https:\/\/www.ilscipio.com\/wp-content\/uploads\/2024\/01\/m6.jpg&#8221; title_text=&#8221;m6&#8243; _builder_version=&#8221;4.23.4&#8243; _module_preset=&#8221;default&#8221; global_colors_info=&#8221;{}&#8221;][\/et_pb_image][\/et_pb_column][\/et_pb_row][et_pb_row column_structure=&#8221;1_2,1_2&#8243; _builder_version=&#8221;4.23.4&#8243; _module_preset=&#8221;default&#8221; global_colors_info=&#8221;{}&#8221;][et_pb_column type=&#8221;1_2&#8243; _builder_version=&#8221;4.23.4&#8243; _module_preset=&#8221;default&#8221; global_colors_info=&#8221;{}&#8221;][et_pb_text _builder_version=&#8221;4.23.4&#8243; _module_preset=&#8221;default&#8221; global_colors_info=&#8221;{}&#8221;]<\/p>\n<p>To make development with <a href=\"https:\/\/www.ilscipio.com\/en\/magnolia\/\">Magnolia CMS<\/a> faster and more efficient, we have developed our own JetBrains IntelliJ IDEA plugin. The plugin is now available in a first version in the JetBrains Marketplace. In addition to IntelliJ IDEA, the plugin should also be fully functional in other JetBrains IDEs.<\/p>\n<p>[\/et_pb_text][et_pb_button button_url=&#8221;https:\/\/plugins.jetbrains.com\/plugin\/23556-magnolia-integration&#8221; button_text=&#8221;To the Marketplace&#8221; _builder_version=&#8221;4.23.4&#8243; _module_preset=&#8221;default&#8221; global_colors_info=&#8221;{}&#8221;][\/et_pb_button][\/et_pb_column][et_pb_column type=&#8221;1_2&#8243; _builder_version=&#8221;4.23.4&#8243; _module_preset=&#8221;default&#8221; global_colors_info=&#8221;{}&#8221;][et_pb_code _builder_version=&#8221;4.23.4&#8243; _module_preset=&#8221;default&#8221; global_colors_info=&#8221;{}&#8221;]<\/p>\n<div id=\"plugin-install\"><!-- [et_pb_line_break_holder] --><\/div>\n<p><!-- [et_pb_line_break_holder] --><!-- [et_pb_line_break_holder] --><script src=\"https:\/\/plugins.jetbrains.com\/assets\/scripts\/mp-widget.js\"><\/script><!-- [et_pb_line_break_holder] --><script><!-- [et_pb_line_break_holder] -->  \/\/ Please, replace #yourelement with a real element id on your webpage<!-- [et_pb_line_break_holder] -->  MarketplaceWidget.setupMarketplaceWidget('card', 23556, \"#plugin-install\");<!-- [et_pb_line_break_holder] --><\/script>[\/et_pb_code][et_pb_image src=&#8221;https:\/\/www.ilscipio.com\/wp-content\/uploads\/2024\/05\/Magnolia-Logo_Dark.svg&#8221; _builder_version=&#8221;4.23.4&#8243; _module_preset=&#8221;default&#8221; title_text=&#8221;Magnolia Logo_Dark&#8221; hover_enabled=&#8221;0&#8243; sticky_enabled=&#8221;0&#8243;][\/et_pb_image][\/et_pb_column][\/et_pb_row][\/et_pb_section][et_pb_section fb_built=&#8221;1&#8243; _builder_version=&#8221;4.23.4&#8243; _module_preset=&#8221;default&#8221; global_colors_info=&#8221;{}&#8221;][et_pb_row column_structure=&#8221;2_3,1_3&#8243; _builder_version=&#8221;4.23.4&#8243; _module_preset=&#8221;default&#8221; global_colors_info=&#8221;{}&#8221;][et_pb_column type=&#8221;2_3&#8243; _builder_version=&#8221;4.23.4&#8243; _module_preset=&#8221;default&#8221; global_colors_info=&#8221;{}&#8221;][et_pb_text _builder_version=&#8221;4.23.4&#8243; _module_preset=&#8221;default&#8221; global_colors_info=&#8221;{}&#8221;]<\/p>\n<h3 class=\"wp-block-heading\">Freemarker<\/h3>\n<ul>\n<li>Dedicated editor for Freemarker files that supports more functions than the built-in editor<\/li>\n<li>Complete syntax highlighting for Freemarker files<\/li>\n<li>Completion suggestions for Freemarker built in directives<\/li>\n<li>Auto-completion for templating functions (cmsfn etc.) including pop-up with documentation on the functions and code examples<\/li>\n<li>Enhanced syntax highlighting<\/li>\n<li>Structure view in the IDE is also used for Freemarker<\/li>\n<\/ul>\n<p>[\/et_pb_text][\/et_pb_column][et_pb_column type=&#8221;1_3&#8243; _builder_version=&#8221;4.23.4&#8243; _module_preset=&#8221;default&#8221; global_colors_info=&#8221;{}&#8221;][et_pb_image src=&#8221;https:\/\/www.ilscipio.com\/wp-content\/uploads\/2024\/01\/m3.png&#8221; title_text=&#8221;m3&#8243; _builder_version=&#8221;4.23.4&#8243; _module_preset=&#8221;default&#8221; global_colors_info=&#8221;{}&#8221;][\/et_pb_image][et_pb_text _builder_version=&#8221;4.23.4&#8243; _module_preset=&#8221;default&#8221; global_colors_info=&#8221;{}&#8221;]<\/p>\n<p><span>Suggestions for Functions<\/span><\/p>\n<p>[\/et_pb_text][\/et_pb_column][\/et_pb_row][\/et_pb_section][et_pb_section fb_built=&#8221;1&#8243; _builder_version=&#8221;4.23.4&#8243; _module_preset=&#8221;default&#8221; global_colors_info=&#8221;{}&#8221;][et_pb_row column_structure=&#8221;2_5,3_5&#8243; _builder_version=&#8221;4.23.4&#8243; _module_preset=&#8221;default&#8221; global_colors_info=&#8221;{}&#8221;][et_pb_column type=&#8221;2_5&#8243; _builder_version=&#8221;4.23.4&#8243; _module_preset=&#8221;default&#8221; global_colors_info=&#8221;{}&#8221;][et_pb_image src=&#8221;https:\/\/www.ilscipio.com\/wp-content\/uploads\/2024\/01\/m5.jpg&#8221; title_text=&#8221;m5&#8243; _builder_version=&#8221;4.23.4&#8243; _module_preset=&#8221;default&#8221; global_colors_info=&#8221;{}&#8221;][\/et_pb_image][et_pb_text _builder_version=&#8221;4.23.4&#8243; _module_preset=&#8221;default&#8221; global_colors_info=&#8221;{}&#8221;]<\/p>\n<p><span>Jump to templates and dialogs<\/span><\/p>\n<p>[\/et_pb_text][\/et_pb_column][et_pb_column type=&#8221;3_5&#8243; _builder_version=&#8221;4.23.4&#8243; _module_preset=&#8221;default&#8221; global_colors_info=&#8221;{}&#8221;][et_pb_text _builder_version=&#8221;4.23.4&#8243; _module_preset=&#8221;default&#8221; global_colors_info=&#8221;{}&#8221;]<\/p>\n<h3 class=\"wp-block-heading\">YAML<\/h3>\n<ul>\n<li>Jump labels and quick access to defined Java classes<\/li>\n<li>Auto-completion for Java classes and package names<\/li>\n<li>Jump points for template and dialog IDs to their respective YAML files<\/li>\n<li>Jump points to quickly get to linked freemarker files<\/li>\n<li>Suggestions for multiple $type arguments: all field types as a list, all action types and some more<\/li>\n<li>Templates for common Magnolia templating patterns to quickly create new templates<\/li>\n<\/ul>\n<p>[\/et_pb_text][\/et_pb_column][\/et_pb_row][\/et_pb_section]<\/p>\n","protected":false},"excerpt":{"rendered":"<p>To make development with Magnolia CMS faster and more efficient, we have developed our own JetBrains IntelliJ IDEA plugin. The plugin is now available in a first version in the JetBrains Marketplace. In addition to IntelliJ IDEA, the plugin should also be fully functional in other JetBrains IDEs.Freemarker Dedicated editor for Freemarker files that supports [&hellip;]<\/p>\n","protected":false},"author":3,"featured_media":0,"parent":28176,"menu_order":0,"comment_status":"closed","ping_status":"closed","template":"","meta":{"_et_pb_use_builder":"on","_et_pb_old_content":"[et_pb_section fb_built=\"1\" theme_builder_area=\"post_content\" _builder_version=\"4.23.4\" _module_preset=\"default\"][et_pb_row _builder_version=\"4.23.4\" _module_preset=\"default\" theme_builder_area=\"post_content\"][et_pb_column _builder_version=\"4.23.4\" _module_preset=\"default\" type=\"4_4\" theme_builder_area=\"post_content\"][et_pb_heading _builder_version=\"4.23.4\" _module_preset=\"default\" theme_builder_area=\"post_content\" title=\"IntelliJ IDEA \u2013 Magnolia CMS Integration Plugin\" hover_enabled=\"0\" sticky_enabled=\"0\" admin_label=\"\u00dcberschrift H1\"][\/et_pb_heading][et_pb_image _builder_version=\"4.23.4\" _module_preset=\"default\" theme_builder_area=\"post_content\" title_text=\"m6\" src=\"https:\/\/www.ilscipio.com\/wp-content\/uploads\/2024\/01\/m6.jpg\" hover_enabled=\"0\" sticky_enabled=\"0\"][\/et_pb_image][\/et_pb_column][\/et_pb_row][et_pb_row _builder_version=\"4.23.4\" _module_preset=\"default\" column_structure=\"1_2,1_2\" theme_builder_area=\"post_content\"][et_pb_column _builder_version=\"4.23.4\" _module_preset=\"default\" type=\"1_2\" theme_builder_area=\"post_content\"][et_pb_text _builder_version=\"4.23.4\" _module_preset=\"default\" theme_builder_area=\"post_content\" hover_enabled=\"0\" sticky_enabled=\"0\"]\n\n<span>Um die Entwicklung mit <\/span><a href=\"https:\/\/www.ilscipio.com\/content-management-mit-magnolia-cms\/\">Magnolia CMS<\/a><span> schneller und effizienter zu machen haben wir ein eigenes JetBrains IntelliJ IDEA Plugin entwickelt. Das Plugin ist nun in einer ersten Version im Marketplace von JetBrains verf\u00fcgbar. Neben IntelliJ IDEA sollte das Plugin auch in anderen IDEs von JetBrains voll funktionsf\u00e4hig sein.<\/span>\n\n[\/et_pb_text][et_pb_button _builder_version=\"4.23.4\" _module_preset=\"default\" theme_builder_area=\"post_content\" button_text=\"Zum Marketplace\" hover_enabled=\"0\" sticky_enabled=\"0\" button_url=\"https:\/\/plugins.jetbrains.com\/plugin\/23556-magnolia-integration\"][\/et_pb_button][\/et_pb_column][et_pb_column _builder_version=\"4.23.4\" _module_preset=\"default\" type=\"1_2\" theme_builder_area=\"post_content\"][et_pb_code _builder_version=\"4.23.4\" _module_preset=\"default\" theme_builder_area=\"post_content\" hover_enabled=\"0\" sticky_enabled=\"0\"]\n<div id=\"plugin-install\"><!-- [et_pb_line_break_holder] --><\/div>\n<!-- [et_pb_line_break_holder] --><script src=\"https:\/\/plugins.jetbrains.com\/assets\/scripts\/mp-widget.js\"><\/script><!-- [et_pb_line_break_holder] --><script><!-- [et_pb_line_break_holder] -->  \/\/ Please, replace #yourelement with a real element id on your webpage<!-- [et_pb_line_break_holder] -->  MarketplaceWidget.setupMarketplaceWidget('card', 23556, \"#plugin-install\");<!-- [et_pb_line_break_holder] --><\/script>[\/et_pb_code][\/et_pb_column][\/et_pb_row][\/et_pb_section][et_pb_section fb_built=\"1\" theme_builder_area=\"post_content\" _builder_version=\"4.23.4\" _module_preset=\"default\"][et_pb_row _builder_version=\"4.23.4\" _module_preset=\"default\" theme_builder_area=\"post_content\" column_structure=\"2_3,1_3\"][et_pb_column _builder_version=\"4.23.4\" _module_preset=\"default\" type=\"2_3\" theme_builder_area=\"post_content\"][et_pb_text _builder_version=\"4.23.4\" _module_preset=\"default\" theme_builder_area=\"post_content\" hover_enabled=\"0\" sticky_enabled=\"0\"]\n<h3 class=\"wp-block-heading\">Freemarker<\/h3>\n<ul>\n \t<li>Eigener Editor f\u00fcr Freemarker-Dateien, der mehr Funktionen unterst\u00fctzt als der Eingebaute Editor<\/li>\n \t<li>Vollst\u00e4ndiges Syntax-Highlighting f\u00fcr Freemarker Dateien<\/li>\n \t<li>Vervollst\u00e4ndigungsvorschl\u00e4ge f\u00fcr Freemarker built in directives<\/li>\n \t<li>Auto-Vervollst\u00e4ndigung f\u00fcr Templating-Functions (cmsfn u.\u00e4.) inklusive Pop-Up mit Dokumentation zu den Funktionen und Code Beispielen<\/li>\n \t<li>Erweitertes Syntax Highlighting<\/li>\n \t<li>Struktur-View in der IDE wird auch f\u00fcr Freemarker verwendet<\/li>\n<\/ul>\n[\/et_pb_text][\/et_pb_column][et_pb_column _builder_version=\"4.23.4\" _module_preset=\"default\" type=\"1_3\" theme_builder_area=\"post_content\"][et_pb_image _builder_version=\"4.23.4\" _module_preset=\"default\" theme_builder_area=\"post_content\" title_text=\"m3\" src=\"https:\/\/www.ilscipio.com\/wp-content\/uploads\/2024\/01\/m3.png\" hover_enabled=\"0\" sticky_enabled=\"0\"][\/et_pb_image][et_pb_text _builder_version=\"4.23.4\" _module_preset=\"default\" theme_builder_area=\"post_content\" hover_enabled=\"0\" sticky_enabled=\"0\"]\n\n<span>Vervollst\u00e4ndigung f\u00fcr Functions<\/span>\n\n[\/et_pb_text][\/et_pb_column][\/et_pb_row][\/et_pb_section][et_pb_section fb_built=\"1\" theme_builder_area=\"post_content\" _builder_version=\"4.23.4\" _module_preset=\"default\"][et_pb_row _builder_version=\"4.23.4\" _module_preset=\"default\" theme_builder_area=\"post_content\" column_structure=\"2_5,3_5\"][et_pb_column _builder_version=\"4.23.4\" _module_preset=\"default\" type=\"2_5\" theme_builder_area=\"post_content\"][et_pb_image _builder_version=\"4.23.4\" _module_preset=\"default\" theme_builder_area=\"post_content\" title_text=\"m5\" src=\"https:\/\/www.ilscipio.com\/wp-content\/uploads\/2024\/01\/m5.jpg\" hover_enabled=\"0\" sticky_enabled=\"0\"][\/et_pb_image][et_pb_text _builder_version=\"4.23.4\" _module_preset=\"default\" theme_builder_area=\"post_content\" hover_enabled=\"0\" sticky_enabled=\"0\"]\n\n<span>Sprungmarken auch f\u00fcr Dialoge und Templates<\/span>\n\n[\/et_pb_text][\/et_pb_column][et_pb_column _builder_version=\"4.23.4\" _module_preset=\"default\" type=\"3_5\" theme_builder_area=\"post_content\"][et_pb_text _builder_version=\"4.23.4\" _module_preset=\"default\" theme_builder_area=\"post_content\" hover_enabled=\"0\" sticky_enabled=\"0\"]\n<h3 class=\"wp-block-heading\">YAML<\/h3>\n<ul>\n \t<li>Sprungmarken un schnell zu definierten Java-Klassen zu gelangen<\/li>\n \t<li>Autovervollst\u00e4ndigung f\u00fcr Java-Klassen und Package-Namen<\/li>\n \t<li>Sprungmarken f\u00fcr Template- und Dialog-IDs zu ihren jeweiligen YAML Dateien<\/li>\n \t<li>Sprungmarken um schnell zu verlinkten Freemarker-Dateien zu gelangen<\/li>\n \t<li>Vorschl\u00e4ge f\u00fcr eine mehrere $type Argumente: alle Field-Types als Liste, alle Action-Types und einige mehr<\/li>\n \t<li>Vorlagen f\u00fcr g\u00e4ngige Magnolia Templating Muster um schneller neue Templates anzulegen<\/li>\n<\/ul>\n[\/et_pb_text][\/et_pb_column][\/et_pb_row][\/et_pb_section]","_et_gb_content_width":"","inline_featured_image":false,"footnotes":""},"class_list":["post-31028","page","type-page","status-publish","hentry"],"yoast_head":"<!-- This site is optimized with the Yoast SEO plugin v24.1 - https:\/\/yoast.com\/wordpress\/plugins\/seo\/ -->\n<title>IntelliJ IDEA - Magnolia CMS Integration Plugin - Ilscipio<\/title>\n<meta name=\"robots\" content=\"index, follow, max-snippet:-1, max-image-preview:large, max-video-preview:-1\" \/>\n<link rel=\"canonical\" href=\"https:\/\/www.ilscipio.com\/en\/content-management-with-magnolia-cms\/intellij-idea-magnolia-cms-integration-plugin\/\" \/>\n<meta property=\"og:locale\" content=\"en_US\" \/>\n<meta property=\"og:type\" content=\"article\" \/>\n<meta property=\"og:title\" content=\"IntelliJ IDEA - Magnolia CMS Integration Plugin - Ilscipio\" \/>\n<meta property=\"og:description\" content=\"To make development with Magnolia CMS faster and more efficient, we have developed our own JetBrains IntelliJ IDEA plugin. The plugin is now available in a first version in the JetBrains Marketplace. In addition to IntelliJ IDEA, the plugin should also be fully functional in other JetBrains IDEs.Freemarker Dedicated editor for Freemarker files that supports [&hellip;]\" \/>\n<meta property=\"og:url\" content=\"https:\/\/www.ilscipio.com\/en\/content-management-with-magnolia-cms\/intellij-idea-magnolia-cms-integration-plugin\/\" \/>\n<meta property=\"og:site_name\" content=\"Ilscipio\" \/>\n<meta property=\"article:modified_time\" content=\"2024-05-13T13:41:27+00:00\" \/>\n<meta name=\"twitter:card\" content=\"summary_large_image\" \/>\n<meta name=\"twitter:label1\" content=\"Est. reading time\" \/>\n\t<meta name=\"twitter:data1\" content=\"2 minutes\" \/>\n<script type=\"application\/ld+json\" class=\"yoast-schema-graph\">{\"@context\":\"https:\/\/schema.org\",\"@graph\":[{\"@type\":\"WebPage\",\"@id\":\"https:\/\/www.ilscipio.com\/en\/content-management-with-magnolia-cms\/intellij-idea-magnolia-cms-integration-plugin\/\",\"url\":\"https:\/\/www.ilscipio.com\/en\/content-management-with-magnolia-cms\/intellij-idea-magnolia-cms-integration-plugin\/\",\"name\":\"IntelliJ IDEA - Magnolia CMS Integration Plugin - Ilscipio\",\"isPartOf\":{\"@id\":\"https:\/\/www.ilscipio.com\/#website\"},\"datePublished\":\"2024-01-18T15:18:44+00:00\",\"dateModified\":\"2024-05-13T13:41:27+00:00\",\"breadcrumb\":{\"@id\":\"https:\/\/www.ilscipio.com\/en\/content-management-with-magnolia-cms\/intellij-idea-magnolia-cms-integration-plugin\/#breadcrumb\"},\"inLanguage\":\"en-US\",\"potentialAction\":[{\"@type\":\"ReadAction\",\"target\":[\"https:\/\/www.ilscipio.com\/en\/content-management-with-magnolia-cms\/intellij-idea-magnolia-cms-integration-plugin\/\"]}]},{\"@type\":\"BreadcrumbList\",\"@id\":\"https:\/\/www.ilscipio.com\/en\/content-management-with-magnolia-cms\/intellij-idea-magnolia-cms-integration-plugin\/#breadcrumb\",\"itemListElement\":[{\"@type\":\"ListItem\",\"position\":1,\"name\":\"Startseite\",\"item\":\"https:\/\/www.ilscipio.com\/en\/\"},{\"@type\":\"ListItem\",\"position\":2,\"name\":\"Content Management with Magnolia CMS\",\"item\":\"https:\/\/www.ilscipio.com\/en\/content-management-with-magnolia-cms\/\"},{\"@type\":\"ListItem\",\"position\":3,\"name\":\"IntelliJ IDEA &#8211; Magnolia CMS Integration Plugin\"}]},{\"@type\":\"WebSite\",\"@id\":\"https:\/\/www.ilscipio.com\/#website\",\"url\":\"https:\/\/www.ilscipio.com\/\",\"name\":\"Ilscipio\",\"description\":\"Enterprise Commerce Experts\",\"potentialAction\":[{\"@type\":\"SearchAction\",\"target\":{\"@type\":\"EntryPoint\",\"urlTemplate\":\"https:\/\/www.ilscipio.com\/?s={search_term_string}\"},\"query-input\":{\"@type\":\"PropertyValueSpecification\",\"valueRequired\":true,\"valueName\":\"search_term_string\"}}],\"inLanguage\":\"en-US\"}]}<\/script>\n<!-- \/ Yoast SEO plugin. -->","yoast_head_json":{"title":"IntelliJ IDEA - Magnolia CMS Integration Plugin - Ilscipio","robots":{"index":"index","follow":"follow","max-snippet":"max-snippet:-1","max-image-preview":"max-image-preview:large","max-video-preview":"max-video-preview:-1"},"canonical":"https:\/\/www.ilscipio.com\/en\/content-management-with-magnolia-cms\/intellij-idea-magnolia-cms-integration-plugin\/","og_locale":"en_US","og_type":"article","og_title":"IntelliJ IDEA - Magnolia CMS Integration Plugin - Ilscipio","og_description":"To make development with Magnolia CMS faster and more efficient, we have developed our own JetBrains IntelliJ IDEA plugin. The plugin is now available in a first version in the JetBrains Marketplace. In addition to IntelliJ IDEA, the plugin should also be fully functional in other JetBrains IDEs.Freemarker Dedicated editor for Freemarker files that supports [&hellip;]","og_url":"https:\/\/www.ilscipio.com\/en\/content-management-with-magnolia-cms\/intellij-idea-magnolia-cms-integration-plugin\/","og_site_name":"Ilscipio","article_modified_time":"2024-05-13T13:41:27+00:00","twitter_card":"summary_large_image","twitter_misc":{"Est. reading time":"2 minutes"},"schema":{"@context":"https:\/\/schema.org","@graph":[{"@type":"WebPage","@id":"https:\/\/www.ilscipio.com\/en\/content-management-with-magnolia-cms\/intellij-idea-magnolia-cms-integration-plugin\/","url":"https:\/\/www.ilscipio.com\/en\/content-management-with-magnolia-cms\/intellij-idea-magnolia-cms-integration-plugin\/","name":"IntelliJ IDEA - Magnolia CMS Integration Plugin - Ilscipio","isPartOf":{"@id":"https:\/\/www.ilscipio.com\/#website"},"datePublished":"2024-01-18T15:18:44+00:00","dateModified":"2024-05-13T13:41:27+00:00","breadcrumb":{"@id":"https:\/\/www.ilscipio.com\/en\/content-management-with-magnolia-cms\/intellij-idea-magnolia-cms-integration-plugin\/#breadcrumb"},"inLanguage":"en-US","potentialAction":[{"@type":"ReadAction","target":["https:\/\/www.ilscipio.com\/en\/content-management-with-magnolia-cms\/intellij-idea-magnolia-cms-integration-plugin\/"]}]},{"@type":"BreadcrumbList","@id":"https:\/\/www.ilscipio.com\/en\/content-management-with-magnolia-cms\/intellij-idea-magnolia-cms-integration-plugin\/#breadcrumb","itemListElement":[{"@type":"ListItem","position":1,"name":"Startseite","item":"https:\/\/www.ilscipio.com\/en\/"},{"@type":"ListItem","position":2,"name":"Content Management with Magnolia CMS","item":"https:\/\/www.ilscipio.com\/en\/content-management-with-magnolia-cms\/"},{"@type":"ListItem","position":3,"name":"IntelliJ IDEA &#8211; Magnolia CMS Integration Plugin"}]},{"@type":"WebSite","@id":"https:\/\/www.ilscipio.com\/#website","url":"https:\/\/www.ilscipio.com\/","name":"Ilscipio","description":"Enterprise Commerce Experts","potentialAction":[{"@type":"SearchAction","target":{"@type":"EntryPoint","urlTemplate":"https:\/\/www.ilscipio.com\/?s={search_term_string}"},"query-input":{"@type":"PropertyValueSpecification","valueRequired":true,"valueName":"search_term_string"}}],"inLanguage":"en-US"}]}},"_links":{"self":[{"href":"https:\/\/www.ilscipio.com\/en\/wp-json\/wp\/v2\/pages\/31028","targetHints":{"allow":["GET"]}}],"collection":[{"href":"https:\/\/www.ilscipio.com\/en\/wp-json\/wp\/v2\/pages"}],"about":[{"href":"https:\/\/www.ilscipio.com\/en\/wp-json\/wp\/v2\/types\/page"}],"author":[{"embeddable":true,"href":"https:\/\/www.ilscipio.com\/en\/wp-json\/wp\/v2\/users\/3"}],"replies":[{"embeddable":true,"href":"https:\/\/www.ilscipio.com\/en\/wp-json\/wp\/v2\/comments?post=31028"}],"version-history":[{"count":4,"href":"https:\/\/www.ilscipio.com\/en\/wp-json\/wp\/v2\/pages\/31028\/revisions"}],"predecessor-version":[{"id":31172,"href":"https:\/\/www.ilscipio.com\/en\/wp-json\/wp\/v2\/pages\/31028\/revisions\/31172"}],"up":[{"embeddable":true,"href":"https:\/\/www.ilscipio.com\/en\/wp-json\/wp\/v2\/pages\/28176"}],"wp:attachment":[{"href":"https:\/\/www.ilscipio.com\/en\/wp-json\/wp\/v2\/media?parent=31028"}],"curies":[{"name":"wp","href":"https:\/\/api.w.org\/{rel}","templated":true}]}}