{"id":25965,"date":"2018-11-28T15:03:37","date_gmt":"2018-11-28T15:03:37","guid":{"rendered":"https:\/\/www.ilscipio.com\/\/impressum\/"},"modified":"2023-06-13T09:50:16","modified_gmt":"2023-06-13T09:50:16","slug":"impressum","status":"publish","type":"page","link":"https:\/\/www.ilscipio.com\/en\/impressum\/","title":{"rendered":"Imprint"},"content":{"rendered":"<p>[et_pb_section fb_built=&#8221;1&#8243; custom_padding_last_edited=&#8221;on|tablet&#8221; admin_label=&#8221;Hero Section&#8221; module_class=&#8221;ilsc_header&#8221; _builder_version=&#8221;4.16&#8243; use_background_color_gradient=&#8221;on&#8221; background_color_gradient_type=&#8221;circular&#8221; background_color_gradient_stops=&#8221;rgba(255,255,255,0) 0%|#ffffff 100%&#8221; background_color_gradient_overlays_image=&#8221;on&#8221; background_color_gradient_start=&#8221;rgba(255,255,255,0)&#8221; background_color_gradient_end=&#8221;#ffffff&#8221; background_image=&#8221;https:\/\/www.ilscipio.com\/wp-content\/uploads\/2021\/03\/stairway_Bild-von-Free-Photos-auf-Pixabay-.jpg&#8221; custom_padding_tablet=&#8221;|||&#8221; custom_padding_phone=&#8221;|||&#8221; global_colors_info=&#8221;{}&#8221;][et_pb_row _builder_version=&#8221;4.16&#8243; custom_padding=&#8221;|||&#8221; animation_style=&#8221;slide&#8221; animation_direction=&#8221;bottom&#8221; animation_intensity_slide=&#8221;10%&#8221; global_colors_info=&#8221;{}&#8221;][et_pb_column type=&#8221;4_4&#8243; _builder_version=&#8221;4.16&#8243; custom_padding=&#8221;|||&#8221; global_colors_info=&#8221;{}&#8221; custom_padding__hover=&#8221;|||&#8221;][et_pb_text admin_label=&#8221;Title and subhead&#8221; _builder_version=&#8221;4.16&#8243; text_font=&#8221;||||||||&#8221; text_text_color=&#8221;#FFFFFF&#8221; text_font_size=&#8221;18px&#8221; text_line_height=&#8221;1.3em&#8221; header_font=&#8221;||||||||&#8221; header_font_size=&#8221;39px&#8221; header_line_height=&#8221;1.3em&#8221; header_2_font=&#8221;||||||||&#8221; text_orientation=&#8221;center&#8221; background_layout=&#8221;dark&#8221; max_width=&#8221;600px&#8221; module_alignment=&#8221;center&#8221; header_font_size_tablet=&#8221;35px&#8221; header_font_size_phone=&#8221;40px&#8221; header_font_size_last_edited=&#8221;on|desktop&#8221; locked=&#8221;off&#8221; global_colors_info=&#8221;{}&#8221;]<\/p>\n<h1>Imprint<\/h1>\n<p>[\/et_pb_text][\/et_pb_column][\/et_pb_row][\/et_pb_section][et_pb_section fb_built=&#8221;1&#8243; next_background_color=&#8221;#b61525&#8243; admin_label=&#8221;Projects&#8221; _builder_version=&#8221;4.16&#8243; background_color=&#8221;#f0f0f0&#8243; custom_padding=&#8221;54px|0px|60px|0px&#8221; bottom_divider_style=&#8221;graph2&#8243; global_colors_info=&#8221;{}&#8221;][et_pb_row _builder_version=&#8221;4.16&#8243; background_size=&#8221;initial&#8221; background_position=&#8221;top_left&#8221; background_repeat=&#8221;repeat&#8221; global_colors_info=&#8221;{}&#8221;][et_pb_column type=&#8221;4_4&#8243; _builder_version=&#8221;4.16&#8243; custom_padding=&#8221;|||&#8221; global_colors_info=&#8221;{}&#8221; custom_padding__hover=&#8221;|||&#8221;][et_pb_text _builder_version=&#8221;4.16.1&#8243; hover_enabled=&#8221;0&#8243; global_colors_info=&#8221;{}&#8221; sticky_enabled=&#8221;0&#8243;]<\/p>\n<p>Angaben gem. \u00a7 5 Telemediengesetz (TMG)<\/p>\n<p><strong>Postanschrift:<\/strong><\/p>\n<p>ilscipio GmbH<br \/><span>Humboldtstr. 13<\/span><br \/><span>65189 Wiesbaden<\/span><br \/><span>Germany<\/span><\/p>\n<p>Telefon (+49) 611 \/ 97774-331<br \/>eMail info@ilscipio.com<\/p>\n<p>Vertretungsberechtigter Gesch\u00e4ftsf\u00fchrer: Paul Piper<br \/>Registergericht: Amtsgericht Wiesbaden<br \/>Registernummer: HRB 33406<br \/>Inhaltlich Verantwortlicher gem\u00e4\u00df \u00a7 55 Absatz 2 RStV: Paul Piper (Anschrift wie oben)<\/p>\n<p>Umsatzsteuer-ID: DE 266282339<\/p>\n<p><strong>Gesetzlicher Hinweis<\/strong>\u00a0Alle Rechte vorbehalten. Text, Bilder und Grafiken sowie deren Anordnung unterliegen dem Schutz des Urheberrechts und anderer Schutzgesetze. Der Inhalt dieser Website darf nicht zu kommerziellen Zwecken kopiert, verbreitet, ver\u00e4ndert oder Dritten zug\u00e4nglich gemacht werden. Diese Website wurde mit gr\u00f6\u00dftm\u00f6glicher Sorgfalt zusammengestellt. Trotzdem kann ilscipio GmbH f\u00fcr die Fehlerfreiheit und Genauigkeit der enthaltenen Informationen nicht garantieren. Es wird hiermit jegliche Haftung f\u00fcr Sch\u00e4den, die direkt oder indirekt aus der Benutzung dieser Website entstehen, ausgeschlossen, soweit diese nicht auf Vorsatz oder grober Fahrl\u00e4ssigkeit beruhen. Irrtum und \u00c4nderungen vorbehalten.<\/p>\n<p>[\/et_pb_text][\/et_pb_column][\/et_pb_row][et_pb_row _builder_version=&#8221;4.16&#8243; _module_preset=&#8221;default&#8221; global_colors_info=&#8221;{}&#8221;][et_pb_column type=&#8221;4_4&#8243; _builder_version=&#8221;4.16&#8243; _module_preset=&#8221;default&#8221; global_colors_info=&#8221;{}&#8221;][et_pb_text _builder_version=&#8221;4.16&#8243; _module_preset=&#8221;default&#8221; global_colors_info=&#8221;{}&#8221;]<strong>Verwendete Fotos oder Grafiken auf dieser Webseite<\/strong><\/p>\n<p><a href='https:\/\/www.freepik.com\/vectors\/business'>Business vector created by pch.vector &#8211; www.freepik.com<\/a><span><br \/>\nPhoto by <a href=\"https:\/\/unsplash.com\/@sigmund?utm_source=unsplash&amp;utm_medium=referral&amp;utm_content=creditCopyText\">Sigmund<\/a> on <a href=\"https:\/\/unsplash.com\/s\/photos\/puzzle?utm_source=unsplash&amp;utm_medium=referral&amp;utm_content=creditCopyText\">Unsplash<\/a><\/span><span><br \/>\nPhoto by <a href=\"https:\/\/unsplash.com\/@egnaro?utm_source=unsplash&amp;utm_medium=referral&amp;utm_content=creditCopyText\">Rick Mason<\/a> on <a href=\"https:\/\/unsplash.com\/s\/photos\/lego-bricks?utm_source=unsplash&amp;utm_medium=referral&amp;utm_content=creditCopyText\">Unsplash<\/a><\/span><span><br \/>\nPhoto by <a href=\"https:\/\/unsplash.com\/@bamin?utm_source=unsplash&amp;utm_medium=referral&amp;utm_content=creditCopyText\">Pierre Bamin<\/a> on <a href=\"https:\/\/unsplash.com\/s\/photos\/chameleon?utm_source=unsplash&amp;utm_medium=referral&amp;utm_content=creditCopyText\">Unsplash<\/a><\/span><span><br \/>\nPhoto by <a href=\"https:\/\/unsplash.com\/@waldemarbrandt67w?utm_source=unsplash&amp;utm_medium=referral&amp;utm_content=creditCopyText\">Waldemar Brandt<\/a> on <a href=\"https:\/\/unsplash.com\/s\/photos\/chameleon?utm_source=unsplash&amp;utm_medium=referral&amp;utm_content=creditCopyText\">Unsplash<\/a><\/span>[\/et_pb_text][\/et_pb_column][\/et_pb_row][\/et_pb_section][et_pb_section fb_built=&#8221;1&#8243; _builder_version=&#8221;4.16&#8243; background_color=&#8221;#b61525&#8243; global_colors_info=&#8221;{}&#8221;][et_pb_row _builder_version=&#8221;4.16&#8243; global_colors_info=&#8221;{}&#8221;][et_pb_column type=&#8221;4_4&#8243; _builder_version=&#8221;4.16&#8243; custom_padding=&#8221;|||&#8221; global_colors_info=&#8221;{}&#8221; custom_padding__hover=&#8221;|||&#8221;][et_pb_cta title=&#8221;Interested?&#8221; button_url=&#8221;https:\/\/www.ilscipio.com\/en\/contact\/&#8221; button_text=&#8221;Get in touch!&#8221; _builder_version=&#8221;4.16&#8243; custom_button=&#8221;on&#8221; button_text_color=&#8221;#ffffff&#8221; button_border_color=&#8221;#ffffff&#8221; button_icon=&#8221;&#x6a;||divi||400&#8243; button_icon_color=&#8221;#ffffff&#8221; button_alignment=&#8221;center&#8221; global_colors_info=&#8221;{}&#8221;]<\/p>\n<p>[\/et_pb_cta][\/et_pb_column][\/et_pb_row][\/et_pb_section]<\/p>\n","protected":false},"excerpt":{"rendered":"<p>ImprintAngaben gem. \u00a7 5 Telemediengesetz (TMG) Postanschrift: ilscipio GmbHHumboldtstr. 1365189 WiesbadenGermany Telefon (+49) 611 \/ 97774-331eMail info@ilscipio.com Vertretungsberechtigter Gesch\u00e4ftsf\u00fchrer: Paul PiperRegistergericht: Amtsgericht WiesbadenRegisternummer: HRB 33406Inhaltlich Verantwortlicher gem\u00e4\u00df \u00a7 55 Absatz 2 RStV: Paul Piper (Anschrift wie oben) Umsatzsteuer-ID: DE 266282339 Gesetzlicher Hinweis\u00a0Alle Rechte vorbehalten. Text, Bilder und Grafiken sowie deren Anordnung unterliegen dem Schutz des [&hellip;]<\/p>\n","protected":false},"author":1,"featured_media":0,"parent":0,"menu_order":0,"comment_status":"closed","ping_status":"closed","template":"","meta":{"_et_pb_use_builder":"on","_et_pb_old_content":"","_et_gb_content_width":"","inline_featured_image":false,"footnotes":""},"class_list":["post-25965","page","type-page","status-publish","hentry"],"yoast_head":"<!-- This site is optimized with the Yoast SEO plugin v24.1 - https:\/\/yoast.com\/wordpress\/plugins\/seo\/ -->\n<title>Imprint - Ilscipio<\/title>\n<meta name=\"robots\" content=\"index, follow, max-snippet:-1, max-image-preview:large, max-video-preview:-1\" \/>\n<link rel=\"canonical\" href=\"https:\/\/www.ilscipio.com\/en\/impressum\/\" \/>\n<meta property=\"og:locale\" content=\"en_US\" \/>\n<meta property=\"og:type\" content=\"article\" \/>\n<meta property=\"og:title\" content=\"Imprint - Ilscipio\" \/>\n<meta property=\"og:description\" content=\"ImprintAngaben gem. \u00a7 5 Telemediengesetz (TMG) Postanschrift: ilscipio GmbHHumboldtstr. 1365189 WiesbadenGermany Telefon (+49) 611 \/ 97774-331eMail info@ilscipio.com Vertretungsberechtigter Gesch\u00e4ftsf\u00fchrer: Paul PiperRegistergericht: Amtsgericht WiesbadenRegisternummer: HRB 33406Inhaltlich Verantwortlicher gem\u00e4\u00df \u00a7 55 Absatz 2 RStV: Paul Piper (Anschrift wie oben) Umsatzsteuer-ID: DE 266282339 Gesetzlicher Hinweis\u00a0Alle Rechte vorbehalten. Text, Bilder und Grafiken sowie deren Anordnung unterliegen dem Schutz des [&hellip;]\" \/>\n<meta property=\"og:url\" content=\"https:\/\/www.ilscipio.com\/en\/impressum\/\" \/>\n<meta property=\"og:site_name\" content=\"Ilscipio\" \/>\n<meta property=\"article:modified_time\" content=\"2023-06-13T09:50:16+00:00\" \/>\n<meta name=\"twitter:card\" content=\"summary_large_image\" \/>\n<meta name=\"twitter:label1\" content=\"Est. reading time\" \/>\n\t<meta name=\"twitter:data1\" content=\"3 minutes\" \/>\n<script type=\"application\/ld+json\" class=\"yoast-schema-graph\">{\"@context\":\"https:\/\/schema.org\",\"@graph\":[{\"@type\":\"WebPage\",\"@id\":\"https:\/\/www.ilscipio.com\/en\/impressum\/\",\"url\":\"https:\/\/www.ilscipio.com\/en\/impressum\/\",\"name\":\"Imprint - Ilscipio\",\"isPartOf\":{\"@id\":\"https:\/\/www.ilscipio.com\/#website\"},\"datePublished\":\"2018-11-28T15:03:37+00:00\",\"dateModified\":\"2023-06-13T09:50:16+00:00\",\"breadcrumb\":{\"@id\":\"https:\/\/www.ilscipio.com\/en\/impressum\/#breadcrumb\"},\"inLanguage\":\"en-US\",\"potentialAction\":[{\"@type\":\"ReadAction\",\"target\":[\"https:\/\/www.ilscipio.com\/en\/impressum\/\"]}]},{\"@type\":\"BreadcrumbList\",\"@id\":\"https:\/\/www.ilscipio.com\/en\/impressum\/#breadcrumb\",\"itemListElement\":[{\"@type\":\"ListItem\",\"position\":1,\"name\":\"Startseite\",\"item\":\"https:\/\/www.ilscipio.com\/en\/\"},{\"@type\":\"ListItem\",\"position\":2,\"name\":\"Imprint\"}]},{\"@type\":\"WebSite\",\"@id\":\"https:\/\/www.ilscipio.com\/#website\",\"url\":\"https:\/\/www.ilscipio.com\/\",\"name\":\"Ilscipio\",\"description\":\"Enterprise Commerce Experts\",\"potentialAction\":[{\"@type\":\"SearchAction\",\"target\":{\"@type\":\"EntryPoint\",\"urlTemplate\":\"https:\/\/www.ilscipio.com\/?s={search_term_string}\"},\"query-input\":{\"@type\":\"PropertyValueSpecification\",\"valueRequired\":true,\"valueName\":\"search_term_string\"}}],\"inLanguage\":\"en-US\"}]}<\/script>\n<!-- \/ Yoast SEO plugin. -->","yoast_head_json":{"title":"Imprint - Ilscipio","robots":{"index":"index","follow":"follow","max-snippet":"max-snippet:-1","max-image-preview":"max-image-preview:large","max-video-preview":"max-video-preview:-1"},"canonical":"https:\/\/www.ilscipio.com\/en\/impressum\/","og_locale":"en_US","og_type":"article","og_title":"Imprint - Ilscipio","og_description":"ImprintAngaben gem. \u00a7 5 Telemediengesetz (TMG) Postanschrift: ilscipio GmbHHumboldtstr. 1365189 WiesbadenGermany Telefon (+49) 611 \/ 97774-331eMail info@ilscipio.com Vertretungsberechtigter Gesch\u00e4ftsf\u00fchrer: Paul PiperRegistergericht: Amtsgericht WiesbadenRegisternummer: HRB 33406Inhaltlich Verantwortlicher gem\u00e4\u00df \u00a7 55 Absatz 2 RStV: Paul Piper (Anschrift wie oben) Umsatzsteuer-ID: DE 266282339 Gesetzlicher Hinweis\u00a0Alle Rechte vorbehalten. Text, Bilder und Grafiken sowie deren Anordnung unterliegen dem Schutz des [&hellip;]","og_url":"https:\/\/www.ilscipio.com\/en\/impressum\/","og_site_name":"Ilscipio","article_modified_time":"2023-06-13T09:50:16+00:00","twitter_card":"summary_large_image","twitter_misc":{"Est. reading time":"3 minutes"},"schema":{"@context":"https:\/\/schema.org","@graph":[{"@type":"WebPage","@id":"https:\/\/www.ilscipio.com\/en\/impressum\/","url":"https:\/\/www.ilscipio.com\/en\/impressum\/","name":"Imprint - Ilscipio","isPartOf":{"@id":"https:\/\/www.ilscipio.com\/#website"},"datePublished":"2018-11-28T15:03:37+00:00","dateModified":"2023-06-13T09:50:16+00:00","breadcrumb":{"@id":"https:\/\/www.ilscipio.com\/en\/impressum\/#breadcrumb"},"inLanguage":"en-US","potentialAction":[{"@type":"ReadAction","target":["https:\/\/www.ilscipio.com\/en\/impressum\/"]}]},{"@type":"BreadcrumbList","@id":"https:\/\/www.ilscipio.com\/en\/impressum\/#breadcrumb","itemListElement":[{"@type":"ListItem","position":1,"name":"Startseite","item":"https:\/\/www.ilscipio.com\/en\/"},{"@type":"ListItem","position":2,"name":"Imprint"}]},{"@type":"WebSite","@id":"https:\/\/www.ilscipio.com\/#website","url":"https:\/\/www.ilscipio.com\/","name":"Ilscipio","description":"Enterprise Commerce Experts","potentialAction":[{"@type":"SearchAction","target":{"@type":"EntryPoint","urlTemplate":"https:\/\/www.ilscipio.com\/?s={search_term_string}"},"query-input":{"@type":"PropertyValueSpecification","valueRequired":true,"valueName":"search_term_string"}}],"inLanguage":"en-US"}]}},"_links":{"self":[{"href":"https:\/\/www.ilscipio.com\/en\/wp-json\/wp\/v2\/pages\/25965","targetHints":{"allow":["GET"]}}],"collection":[{"href":"https:\/\/www.ilscipio.com\/en\/wp-json\/wp\/v2\/pages"}],"about":[{"href":"https:\/\/www.ilscipio.com\/en\/wp-json\/wp\/v2\/types\/page"}],"author":[{"embeddable":true,"href":"https:\/\/www.ilscipio.com\/en\/wp-json\/wp\/v2\/users\/1"}],"replies":[{"embeddable":true,"href":"https:\/\/www.ilscipio.com\/en\/wp-json\/wp\/v2\/comments?post=25965"}],"version-history":[{"count":8,"href":"https:\/\/www.ilscipio.com\/en\/wp-json\/wp\/v2\/pages\/25965\/revisions"}],"predecessor-version":[{"id":30798,"href":"https:\/\/www.ilscipio.com\/en\/wp-json\/wp\/v2\/pages\/25965\/revisions\/30798"}],"wp:attachment":[{"href":"https:\/\/www.ilscipio.com\/en\/wp-json\/wp\/v2\/media?parent=25965"}],"curies":[{"name":"wp","href":"https:\/\/api.w.org\/{rel}","templated":true}]}}